{"id":5763,"date":"2019-09-17T08:08:27","date_gmt":"2019-09-17T08:08:27","guid":{"rendered":"http:\/\/respectmap.bellwoodsweb.com\/about-citadela\/"},"modified":"2023-12-08T19:40:08","modified_gmt":"2023-12-08T19:40:08","slug":"about-citadela","status":"publish","type":"page","link":"https:\/\/www.respectmap.ca\/fr\/about-citadela\/","title":{"rendered":"A propos de"},"content":{"rendered":"<div class=\"wp-block-cover is-layout-flow wp-block-cover-is-layout-flow\"><span aria-hidden=\"true\" class=\"wp-block-cover__background has-background-dim-0 has-background-dim\"><\/span><img loading=\"lazy\" decoding=\"async\" width=\"1000\" height=\"500\" class=\"wp-block-cover__image-background wp-image-6748\" alt=\"\" src=\"https:\/\/respectmap.bellwoodsweb.com\/wp-content\/uploads\/2023\/12\/Respect-Map-About-Us-Header-V2.jpg\" data-object-fit=\"cover\" srcset=\"https:\/\/www.respectmap.ca\/wp-content\/uploads\/2023\/12\/Respect-Map-About-Us-Header-V2.jpg 1000w, https:\/\/www.respectmap.ca\/wp-content\/uploads\/2023\/12\/Respect-Map-About-Us-Header-V2-150x75.jpg 150w, https:\/\/www.respectmap.ca\/wp-content\/uploads\/2023\/12\/Respect-Map-About-Us-Header-V2-600x300.jpg 600w, https:\/\/www.respectmap.ca\/wp-content\/uploads\/2023\/12\/Respect-Map-About-Us-Header-V2-300x150.jpg 300w, https:\/\/www.respectmap.ca\/wp-content\/uploads\/2023\/12\/Respect-Map-About-Us-Header-V2-768x384.jpg 768w\" sizes=\"auto, (max-width: 1000px) 100vw, 1000px\" \/><div class=\"wp-block-cover__inner-container\"><\/div><\/div>\n\n\n\n<div style=\"height:20px\" aria-hidden=\"true\" class=\"wp-block-spacer\"><\/div>\n\n\n\n<h2 class=\"wp-block-heading\">Aider les organisations \u00e0 se connecter depuis 2016<\/h2>\n\n\n\n<p>Le Respect Map est un r\u00e9pertoire consultable d'organisations et de prestataires de services canadiens qui soutiennent les anciens combattants des Forces arm\u00e9es canadiennes, de la Gendarmerie royale du Canada, les intervenants d'urgence et leurs familles.<\/p>\n\n\n\n<p>Il encourage la collaboration et le partage des connaissances entre les organisations aux niveaux local, r\u00e9gional et national, afin qu'elles puissent aider toutes les parties prenantes \u00e0 fournir des services et des programmes plus complets qui contribuent \u00e0 la qualit\u00e9 de vie des anciens combattants, des hommes et des femmes en uniforme et de leurs familles.<\/p>\n\n\n\n<div class=\"wp-block-citadela-blocks-spacer citadela-block-spacer negative-height\"><div class=\"inner-holder\" style=\"margin-top:-17px\"><\/div><\/div>\n\n\n\n<h2 class=\"wp-block-heading\">M\u00e9thodologie<\/h2>\n\n\n\n<p>Notre m\u00e9thodologie repose sur un mod\u00e8le progressif de gestion des risques de crise. En consid\u00e9rant les crises de cette mani\u00e8re, nous pouvons analyser et agir sur les risques de crise avant, pendant et apr\u00e8s leur survenue.<\/p>\n\n\n\n<p>Afin de mieux comprendre le paysage des services offerts aux anciens combattants des Forces arm\u00e9es canadiennes et de la GRC, aux intervenants d'urgence et \u00e0 leurs familles \u00e0 l'\u00e9chelle locale, r\u00e9gionale et nationale, nous analysons les services offerts en fonction de quatre phases : pr\u00e9vention, intervention, stabilisation et r\u00e9int\u00e9gration.<\/p>\n\n\n\n<figure class=\"wp-block-image size-full\"><img loading=\"lazy\" decoding=\"async\" width=\"817\" height=\"421\" src=\"https:\/\/respectmap.bellwoodsweb.com\/wp-content\/uploads\/2023\/12\/Phased-Risk-Management-Model.png\" alt=\"\" class=\"wp-image-6749\" srcset=\"https:\/\/www.respectmap.ca\/wp-content\/uploads\/2023\/12\/Phased-Risk-Management-Model.png 817w, https:\/\/www.respectmap.ca\/wp-content\/uploads\/2023\/12\/Phased-Risk-Management-Model-150x77.png 150w, https:\/\/www.respectmap.ca\/wp-content\/uploads\/2023\/12\/Phased-Risk-Management-Model-600x309.png 600w, https:\/\/www.respectmap.ca\/wp-content\/uploads\/2023\/12\/Phased-Risk-Management-Model-300x155.png 300w, https:\/\/www.respectmap.ca\/wp-content\/uploads\/2023\/12\/Phased-Risk-Management-Model-768x396.png 768w\" sizes=\"auto, (max-width: 817px) 100vw, 817px\" \/><\/figure>\n\n\n\n<p><strong>Phase 1 - Pr\u00e9vention<\/strong><br>Le meilleur moment pour pr\u00e9venir ou r\u00e9duire la probabilit\u00e9 d'une crise est avant qu'elle ne se produise. Dans la phase 1, les services de pr\u00e9vention, de planification, de pr\u00e9paration et d'\u00e9ducation sont essentiels.<\/p>\n\n\n\n<p><strong>Phase 2 - Intervention<\/strong><br>Lors d'une crise, les services d'intervention aident \u00e0 r\u00e9duire ses cons\u00e9quences n\u00e9gatives (action imm\u00e9diate).<br><br><strong>Phase 3 - Stabilisation<\/strong><br>Les services de stabilisation (action soutenue) doivent \u00eatre d\u00e9ploy\u00e9s imm\u00e9diatement apr\u00e8s toute action imm\u00e9diate.<\/p>\n\n\n\n<p><strong>Phase 4 - R\u00e9tablissement<\/strong><br>Apr\u00e8s une crise, les services de r\u00e9tablissement et de r\u00e9int\u00e9gration favorisent la r\u00e9silience.<\/p>\n\n\n\n<p>La carte du respect, associ\u00e9e aux forums du respect, permet aux organisations et aux prestataires de services d'entrer en contact les uns avec les autres et de mieux comprendre les services offerts par chaque entit\u00e9 afin de fournir le meilleur possible \u00e0 chaque membre, dans tous les domaines du bien-\u00eatre.<\/p>\n\n\n\n<h2 class=\"wp-block-heading\">Le Forum du respect<\/h2>\n\n\n\n<p>Le Forum du respect est une initiative nationale de r\u00e9seautage canadien qui vise \u00e0 am\u00e9liorer les services offerts aux anciens combattants des Forces arm\u00e9es canadiennes et de la GRC, aux intervenants en cas d'urgence et \u00e0 leurs familles. Le Forum du respect vise \u00e0 promouvoir une approche collaborative de la prestation de services, du partage et du d\u00e9veloppement des connaissances. <\/p>\n\n\n\n<figure class=\"wp-block-image size-full\"><img loading=\"lazy\" decoding=\"async\" width=\"960\" height=\"960\" src=\"https:\/\/respectmap.bellwoodsweb.com\/wp-content\/uploads\/2023\/12\/Respect-Canada-Community-partners.jpg\" alt=\"\" class=\"wp-image-6750\" srcset=\"https:\/\/www.respectmap.ca\/wp-content\/uploads\/2023\/12\/Respect-Canada-Community-partners.jpg 960w, https:\/\/www.respectmap.ca\/wp-content\/uploads\/2023\/12\/Respect-Canada-Community-partners-400x400.jpg 400w, https:\/\/www.respectmap.ca\/wp-content\/uploads\/2023\/12\/Respect-Canada-Community-partners-150x150.jpg 150w, https:\/\/www.respectmap.ca\/wp-content\/uploads\/2023\/12\/Respect-Canada-Community-partners-600x600.jpg 600w, https:\/\/www.respectmap.ca\/wp-content\/uploads\/2023\/12\/Respect-Canada-Community-partners-300x300.jpg 300w, https:\/\/www.respectmap.ca\/wp-content\/uploads\/2023\/12\/Respect-Canada-Community-partners-768x768.jpg 768w\" sizes=\"auto, (max-width: 960px) 100vw, 960px\" \/><figcaption class=\"wp-element-caption\"><em>Ottawa Respect Forum Automne 2023<\/em><\/figcaption><\/figure>\n\n\n\n<p>Notre mission est de cr\u00e9er un r\u00e9seau entre les organisations qui soutiennent les anciens combattants des FAC, les intervenants en cas d'urgence et leurs familles, afin de les aider \u00e0 relever les nombreux d\u00e9fis, tels que la transition, la sant\u00e9 mentale et l'instabilit\u00e9 du logement, en encourageant la collaboration qui am\u00e9liore la prestation des services.<\/p>\n\n\n\n<p>Les r\u00e9unions du forum Respect rassemblent des personnes issues des services sociaux et de sant\u00e9, de tous les niveaux de gouvernement, des universit\u00e9s, des organisations communautaires et des organisations de soutien par les pairs. Les participants peuvent parler de leur organisation, des services qu'ils fournissent, des d\u00e9fis auxquels ils sont confront\u00e9s, ainsi que de leurs activit\u00e9s de recherche et d'engagement communautaire, ouvrant ainsi la voie \u00e0 la collaboration.<\/p>\n\n\n\n<p><\/p>\n\n\n\n<div style=\"height:20px\" aria-hidden=\"true\" class=\"wp-block-spacer\"><\/div>","protected":false},"excerpt":{"rendered":"<p>Aider les organisations \u00e0 se connecter depuis 2016 Le Respect Map est un r\u00e9pertoire consultable des organisations et fournisseurs de services canadiens qui soutiennent les anciens combattants des Forces arm\u00e9es canadiennes, de la Gendarmerie royale du Canada, les intervenants en cas d'urgence et leurs familles. Il favorise la collaboration et le partage des connaissances entre les organisations aux niveaux local, r\u00e9gional et national, afin qu'elles puissent aider tous [...]<\/p>","protected":false},"author":2,"featured_media":0,"parent":0,"menu_order":0,"comment_status":"closed","ping_status":"closed","template":"","meta":{"_citadela_hide_page_title":"1","_citadela_remove_header_space":"1","_citadela_custom_class":"","_citadela_half_map_provider":"","_citadela_half_map_theme":"","_citadela_half_map_themeOSM":"","_citadela_half_map_customTheme":"","_citadela_half_map_dataType":"","_citadela_half_map_dynamicTrack":false,"_citadela_half_map_trackColor":"","_citadela_half_map_trackEndpointsColor":"","_citadela_half_map_filterCategory":"","_citadela_half_map_filterLocation":"","_citadela_half_map_filterFeatured":false,"_citadela_half_map_noDataBehavior":"empty-map","_citadela_half_map_noDataText":"","_citadela_half_map_clusterGridSize":80,"_citadela_header":true,"_citadela_header_over_content":true,"_citadela_header_text_color":"","_citadela_header_logo":[],"_citadela_header_bg_image":[],"_citadela_header_bg_position":{"x":0.5,"y":0.5},"_citadela_header_bg_size":"cover","_citadela_header_bg_repeat":"no-repeat","_citadela_header_bg_fixed":false,"_citadela_header_bg_color":"","_citadela_header_bg_image_overlay":"","_citadela_header_transparent_bg":true,"_citadela_content_width":"","_citadela_half_layout_position":"","footnotes":""},"class_list":["post-5763","page","type-page","status-publish","hentry"],"_links":{"self":[{"href":"https:\/\/www.respectmap.ca\/fr\/wp-json\/wp\/v2\/pages\/5763","targetHints":{"allow":["GET"]}}],"collection":[{"href":"https:\/\/www.respectmap.ca\/fr\/wp-json\/wp\/v2\/pages"}],"about":[{"href":"https:\/\/www.respectmap.ca\/fr\/wp-json\/wp\/v2\/types\/page"}],"author":[{"embeddable":true,"href":"https:\/\/www.respectmap.ca\/fr\/wp-json\/wp\/v2\/users\/2"}],"replies":[{"embeddable":true,"href":"https:\/\/www.respectmap.ca\/fr\/wp-json\/wp\/v2\/comments?post=5763"}],"version-history":[{"count":1,"href":"https:\/\/www.respectmap.ca\/fr\/wp-json\/wp\/v2\/pages\/5763\/revisions"}],"predecessor-version":[{"id":6751,"href":"https:\/\/www.respectmap.ca\/fr\/wp-json\/wp\/v2\/pages\/5763\/revisions\/6751"}],"wp:attachment":[{"href":"https:\/\/www.respectmap.ca\/fr\/wp-json\/wp\/v2\/media?parent=5763"}],"curies":[{"name":"wp","href":"https:\/\/api.w.org\/{rel}","templated":true}]}}