{"id":6752,"date":"2023-12-12T16:50:46","date_gmt":"2023-12-12T16:50:46","guid":{"rendered":"https:\/\/respectmap.bellwoodsweb.com\/?page_id=6752"},"modified":"2024-01-10T16:25:55","modified_gmt":"2024-01-10T16:25:55","slug":"faq-frequently-asked-questions","status":"publish","type":"page","link":"https:\/\/www.respectmap.ca\/fr\/faq-frequently-asked-questions\/","title":{"rendered":"FAQ - Foire aux questions"},"content":{"rendered":"<div \r\n            class=\"citadela-block-responsive-text align-left\"\r\n                                 >\r\n            <p class=\"inner-tag\" style=\"\"><a href=\"https:\/\/www.respectmap.ca\/fr\/terminology\/\" data-type=\"page\" data-id=\"6765\">Terminologie<\/a><\/p>         <\/div>\r\n      \n\n\n<details class=\"wp-block-details is-layout-flow wp-block-details-is-layout-flow\"><summary>Qu'est-ce que la carte du respect ?<\/summary>\n<p>Le Respect Map est un r\u00e9pertoire consultable d'organisations et de prestataires de services canadiens qui soutiennent les anciens combattants des Forces arm\u00e9es canadiennes, de la Gendarmerie royale du Canada, les intervenants d'urgence et leurs familles.<\/p>\n\n\n\n<p>Il encourage la collaboration et le partage des connaissances entre les organisations aux niveaux local, r\u00e9gional et national, afin qu'elles puissent aider toutes les parties prenantes \u00e0 fournir des services et des programmes plus complets qui contribuent \u00e0 la qualit\u00e9 de vie des anciens combattants, des hommes et des femmes en uniforme et de leurs familles.<\/p>\n<\/details>\n\n\n\n<details class=\"wp-block-details is-layout-flow wp-block-details-is-layout-flow\"><summary>Mon organisme a-t-il le droit de figurer sur la carte du respect ?<\/summary>\n<p>Nous accueillons les organisations qui proposent des programmes et des services contribuant \u00e0 la qualit\u00e9 de vie des anciens combattants, des hommes et des femmes en uniforme et de leurs familles.<\/p>\n\n\n\n<p><\/p>\n<\/details>\n\n\n\n<details class=\"wp-block-details is-layout-flow wp-block-details-is-layout-flow\"><summary>Comment ajouter mon organisation \u00e0 la carte du respect ?<\/summary>\n<p>Cliquez sur l'ic\u00f4ne <a href=\"https:\/\/www.respectmap.ca\/fr\/add\/\" data-type=\"link\" data-id=\"https:\/\/respectmap.ca\/add\/\">Ajouter votre organisation<\/a> et remplissez les champs. Une fois que vos informations auront \u00e9t\u00e9 examin\u00e9es et approuv\u00e9es, elles seront affich\u00e9es sur la carte du respect.<\/p>\n\n\n\n<p><\/p>\n<\/details>","protected":false},"excerpt":{"rendered":"","protected":false},"author":2,"featured_media":0,"parent":0,"menu_order":0,"comment_status":"closed","ping_status":"closed","template":"","meta":{"_citadela_hide_page_title":"","_citadela_remove_header_space":"","_citadela_custom_class":"","_citadela_half_map_provider":"","_citadela_half_map_theme":"","_citadela_half_map_themeOSM":"","_citadela_half_map_customTheme":"","_citadela_half_map_dataType":"","_citadela_half_map_dynamicTrack":false,"_citadela_half_map_trackColor":"","_citadela_half_map_trackEndpointsColor":"","_citadela_half_map_filterCategory":"","_citadela_half_map_filterLocation":"","_citadela_half_map_filterFeatured":false,"_citadela_half_map_noDataBehavior":"empty-map","_citadela_half_map_noDataText":"","_citadela_half_map_clusterGridSize":80,"_citadela_header":false,"_citadela_header_over_content":false,"_citadela_header_text_color":"","_citadela_header_logo":[],"_citadela_header_bg_image":[],"_citadela_header_bg_position":[],"_citadela_header_bg_size":"","_citadela_header_bg_repeat":"","_citadela_header_bg_fixed":false,"_citadela_header_bg_color":"","_citadela_header_bg_image_overlay":"","_citadela_header_transparent_bg":false,"_citadela_content_width":"","_citadela_half_layout_position":"","footnotes":""},"class_list":["post-6752","page","type-page","status-publish","hentry"],"_links":{"self":[{"href":"https:\/\/www.respectmap.ca\/fr\/wp-json\/wp\/v2\/pages\/6752","targetHints":{"allow":["GET"]}}],"collection":[{"href":"https:\/\/www.respectmap.ca\/fr\/wp-json\/wp\/v2\/pages"}],"about":[{"href":"https:\/\/www.respectmap.ca\/fr\/wp-json\/wp\/v2\/types\/page"}],"author":[{"embeddable":true,"href":"https:\/\/www.respectmap.ca\/fr\/wp-json\/wp\/v2\/users\/2"}],"replies":[{"embeddable":true,"href":"https:\/\/www.respectmap.ca\/fr\/wp-json\/wp\/v2\/comments?post=6752"}],"version-history":[{"count":6,"href":"https:\/\/www.respectmap.ca\/fr\/wp-json\/wp\/v2\/pages\/6752\/revisions"}],"predecessor-version":[{"id":7118,"href":"https:\/\/www.respectmap.ca\/fr\/wp-json\/wp\/v2\/pages\/6752\/revisions\/7118"}],"wp:attachment":[{"href":"https:\/\/www.respectmap.ca\/fr\/wp-json\/wp\/v2\/media?parent=6752"}],"curies":[{"name":"wp","href":"https:\/\/api.w.org\/{rel}","templated":true}]}}