{"id":6816,"date":"2023-12-21T00:37:36","date_gmt":"2023-12-21T00:37:36","guid":{"rendered":"https:\/\/respectmap.bellwoodsweb.com\/thank-you\/"},"modified":"2023-12-21T00:37:36","modified_gmt":"2023-12-21T00:37:36","slug":"thank-you","status":"publish","type":"page","link":"https:\/\/www.respectmap.ca\/fr\/thank-you\/","title":{"rendered":"Merci de votre attention"},"content":{"rendered":"<h1>Le paiement est termin\u00e9<\/h1>\n<p>F\u00e9licitations, votre paiement a \u00e9t\u00e9 effectu\u00e9 !<\/p>","protected":false},"excerpt":{"rendered":"<p>Le paiement est termin\u00e9 F\u00e9licitations, votre paiement a \u00e9t\u00e9 effectu\u00e9 !<\/p>","protected":false},"author":4,"featured_media":0,"parent":0,"menu_order":0,"comment_status":"closed","ping_status":"closed","template":"","meta":{"_citadela_hide_page_title":"","_citadela_remove_header_space":"","_citadela_custom_class":"","_citadela_half_map_provider":"","_citadela_half_map_theme":"","_citadela_half_map_themeOSM":"","_citadela_half_map_customTheme":"","_citadela_half_map_dataType":"","_citadela_half_map_dynamicTrack":false,"_citadela_half_map_trackColor":"","_citadela_half_map_trackEndpointsColor":"","_citadela_half_map_filterCategory":"","_citadela_half_map_filterLocation":"","_citadela_half_map_filterFeatured":false,"_citadela_half_map_noDataBehavior":"empty-map","_citadela_half_map_noDataText":"","_citadela_half_map_clusterGridSize":80,"_citadela_header":false,"_citadela_header_over_content":false,"_citadela_header_text_color":"","_citadela_header_logo":[],"_citadela_header_bg_image":[],"_citadela_header_bg_position":[],"_citadela_header_bg_size":"","_citadela_header_bg_repeat":"","_citadela_header_bg_fixed":false,"_citadela_header_bg_color":"","_citadela_header_bg_image_overlay":"","_citadela_header_transparent_bg":false,"_citadela_content_width":"","_citadela_half_layout_position":"","footnotes":""},"class_list":["post-6816","page","type-page","status-publish","hentry"],"_links":{"self":[{"href":"https:\/\/www.respectmap.ca\/fr\/wp-json\/wp\/v2\/pages\/6816","targetHints":{"allow":["GET"]}}],"collection":[{"href":"https:\/\/www.respectmap.ca\/fr\/wp-json\/wp\/v2\/pages"}],"about":[{"href":"https:\/\/www.respectmap.ca\/fr\/wp-json\/wp\/v2\/types\/page"}],"author":[{"embeddable":true,"href":"https:\/\/www.respectmap.ca\/fr\/wp-json\/wp\/v2\/users\/4"}],"replies":[{"embeddable":true,"href":"https:\/\/www.respectmap.ca\/fr\/wp-json\/wp\/v2\/comments?post=6816"}],"version-history":[{"count":0,"href":"https:\/\/www.respectmap.ca\/fr\/wp-json\/wp\/v2\/pages\/6816\/revisions"}],"wp:attachment":[{"href":"https:\/\/www.respectmap.ca\/fr\/wp-json\/wp\/v2\/media?parent=6816"}],"curies":[{"name":"wp","href":"https:\/\/api.w.org\/{rel}","templated":true}]}}