{"id":86,"date":"2013-07-22T07:29:36","date_gmt":"2013-07-22T07:29:36","guid":{"rendered":"http:\/\/respectmap.bellwoodsweb.com\/home-page\/"},"modified":"2024-07-30T16:23:43","modified_gmt":"2024-07-30T16:23:43","slug":"home-page","status":"publish","type":"page","link":"https:\/\/www.respectmap.ca\/fr\/","title":{"rendered":"Page d'accueil"},"content":{"rendered":"<div class=\"wp-block-citadela-blocks-custom-container citadela-block-custom-container size-fullwidth bg-type-none inside-space-zero\"><div class=\"inner-holder\">\r\n        <div class='wp-block-citadela-blocks ctdl-directory-google-map loading-content custom-height'>\r\n            <div class='citadela-google-map provider-wrapper'>\r\n                <div data-endpoint=\"https:\/\/www.respectmap.ca\/wp-json\/citadela-directory\/map-data\/points\/citadela-item?dataType=markers&amp;category=&amp;location=&amp;only_featured=0\"data-theme=\"citadela\"data-custom-theme=\"[{&quot;stylers&quot;: [{&quot;saturation&quot;: -35}]},{&quot;featureType&quot;: &quot;landscape&quot;,&quot;stylers&quot;: [{&quot;saturation&quot;: -100}]},{&quot;featureType&quot;: &quot;poi&quot;,&quot;stylers&quot;: [{&quot;saturation&quot;: -100}]},{&quot;featureType&quot;: &quot;road&quot;,&quot;stylers&quot;: [{&quot;saturation&quot;: -100}]},{&quot;featureType&quot;: &quot;water&quot;,&quot;stylers&quot;: [{&quot;color&quot;: &quot;#c3d4e0&quot;}]}]\"data-map-height=\"500px\"data-outside-form-breakpoint=\"600\"data-cluster=\"80\" class='component-container'><\/div>\r\n                \n\r\n        <div class=\"wp-block-citadela-blocks ctdl-directory-search-form with-advanced-filters has-geolocation-input border-thin shadow-default align-center\">\r\n            <div class=\"citadela-block-form search-form-component-container\" style=\"\" data-action=\"&quot;https:\\\/\\\/www.respectmap.ca\\\/fr&quot;\"data-post-type=\"citadela-item\"data-category-taxonomy=\"citadela-item-category\"data-location-taxonomy=\"citadela-item-location\"data-attributes=\"{&quot;withAdvancedFilters&quot;:true,&quot;useGeolocationInput&quot;:true,&quot;geoUnit&quot;:&quot;km&quot;,&quot;geoMax&quot;:1000,&quot;geoStep&quot;:1,&quot;geoDistanceLabel&quot;:&quot;Set distance for search&quot;,&quot;geoDistanceSubmitLabel&quot;:&quot;OK&quot;,&quot;geoDisableLabel&quot;:&quot;Disable geolocation&quot;}\">\r\n            <\/div>\r\n            \n\r\n        <div class=\"wp-block-citadela-blocks ctdl-directory-advanced-filters box-layout align-left in-search-form no-header-text lines-type-filter-group simple-header hidden-block\">\r\n\r\n            \r\n                        <div class=\"citadela-block-articles\" >\r\n                <div class=\"citadela-block-articles-wrap\">\r\n\r\n                                                <div \r\n                                class=\"data-row type-select\" \r\n                                                               \r\n                            >\r\n                                                                    <div class=\"filters-heading\" style=\"\">M\u00e9thode de livraison<\/div>\r\n                                                                <div class=\"filters-wrapper\">\r\n                                                                                                                    <div class=\"filter-container\" >\r\n                                            <input type=\"checkbox\" class=\"filter-value\" name=\"delivery_method\" value=\"Online\" aria-hidden=\"true\"  >\r\n                                            <div class=\"filter-checkbox\"><i class=\"fas fa-check\"><\/i><\/div>\r\n                                            <div class=\"filter-label\" >En ligne<\/div>\r\n                                        <\/div>\r\n                                                                                                                    <div class=\"filter-container\" >\r\n                                            <input type=\"checkbox\" class=\"filter-value\" name=\"delivery_method\" value=\"In-Person\" aria-hidden=\"true\"  >\r\n                                            <div class=\"filter-checkbox\"><i class=\"fas fa-check\"><\/i><\/div>\r\n                                            <div class=\"filter-label\" >En personne<\/div>\r\n                                        <\/div>\r\n                                                                                                                    <div class=\"filter-container\" >\r\n                                            <input type=\"checkbox\" class=\"filter-value\" name=\"delivery_method\" value=\"Both\" aria-hidden=\"true\"  >\r\n                                            <div class=\"filter-checkbox\"><i class=\"fas fa-check\"><\/i><\/div>\r\n                                            <div class=\"filter-label\" >Les deux<\/div>\r\n                                        <\/div>\r\n                                                                    <\/div>\r\n                            \r\n                        <\/div>\r\n                    \r\n                                                <div \r\n                                class=\"data-row type-select\" \r\n                                                               \r\n                            >\r\n                                                                    <div class=\"filters-heading\" style=\"\">Langues<\/div>\r\n                                                                <div class=\"filters-wrapper\">\r\n                                                                                                                    <div class=\"filter-container\" >\r\n                                            <input type=\"checkbox\" class=\"filter-value\" name=\"languages\" value=\"English\" aria-hidden=\"true\"  >\r\n                                            <div class=\"filter-checkbox\"><i class=\"fas fa-check\"><\/i><\/div>\r\n                                            <div class=\"filter-label\" >Anglais<\/div>\r\n                                        <\/div>\r\n                                                                                                                    <div class=\"filter-container\" >\r\n                                            <input type=\"checkbox\" class=\"filter-value\" name=\"languages\" value=\"French\" aria-hidden=\"true\"  >\r\n                                            <div class=\"filter-checkbox\"><i class=\"fas fa-check\"><\/i><\/div>\r\n                                            <div class=\"filter-label\" >Fran\u00e7ais<\/div>\r\n                                        <\/div>\r\n                                                                                                                    <div class=\"filter-container\" >\r\n                                            <input type=\"checkbox\" class=\"filter-value\" name=\"languages\" value=\"Both\" aria-hidden=\"true\"  >\r\n                                            <div class=\"filter-checkbox\"><i class=\"fas fa-check\"><\/i><\/div>\r\n                                            <div class=\"filter-label\" >Les deux<\/div>\r\n                                        <\/div>\r\n                                                                    <\/div>\r\n                            \r\n                        <\/div>\r\n                    \r\n                    \r\n                <\/div>\r\n            <\/div>\r\n            \r\n                        \r\n                            <div class=\"buttons-wrapper\">\r\n                    <a class=\"submit-filters\">OK<\/a>\r\n                    <a class=\"cancel-filters\">D\u00e9sactiver les filtres<\/a>\r\n                <\/div>\r\n                    <\/div>\r\n\r\n        \n        <\/div>\r\n\r\n        \n\r\n            <\/div>\r\n            <div class='citadela-loader'>\r\n                <div class='inner-wrapper'>\r\n                    <i class='fas fa-circle-notch fa-spin'><\/i>\r\n                <\/div>\r\n            <\/div>\r\n        <\/div>\r\n        <\/div><\/div>\n\n\n\n<div class=\"wp-block-citadela-blocks-spacer citadela-block-spacer responsive-options loading\" data-block-attr=\"{&quot;desktop&quot;:{&quot;height&quot;:&quot;60px&quot;},&quot;mobile&quot;:{&quot;height&quot;:&quot;40px&quot;}}\" data-block-mobile-breakpoint=\"600\"><div class=\"inner-holder\" style=\"padding-top:60px\"><\/div><\/div>\n\n\n\n<div class=\"wp-block-citadela-blocks-custom-container citadela-block-custom-container size-wide bg-type-none inside-space-none\"><div class=\"inner-holder\">\n<h1 class=\"wp-block-heading has-text-align-center\"><strong>Aider les organisations \u00e0 se connecter et \u00e0 travailler ensemble<\/strong><\/h1>\n<\/div><\/div>\n\n\n\n<p class=\"has-text-align-center\">Les personnes en situation de crise ou ayant besoin d'aide ont souvent besoin des services de plusieurs organisations. La carte RESPECT aide les organisations \u00e0 se trouver les unes les autres afin d'offrir les meilleurs services combin\u00e9s aux personnes qui en ont le plus besoin.<\/p>\n\n\n\n<div style=\"height:60px\" aria-hidden=\"true\" class=\"wp-block-spacer\"><\/div>\n\n\n\n<div class=\"wp-block-citadela-blocks-custom-container citadela-block-custom-container size-fullwidth bg-type-none inside-space-none\"><div class=\"inner-holder\" style=\"max-width:1920px\"><\/div><\/div>\n\n\n\n<div style=\"height:20px\" aria-hidden=\"true\" class=\"wp-block-spacer\"><\/div>\n\n\n\n<hr class=\"wp-block-separator has-css-opacity is-style-dots\"\/>\n\n\n         <div \r\n            class=\"citadela-block-responsive-text align-center\"\r\n                                 >\r\n            <h2 class=\"inner-tag\" style=\"\">Organisations partenaires<\/h2>         <\/div>\r\n      \n\n\n<p class=\"has-text-align-center\">Ce projet est financ\u00e9 par le Fonds pour le bien-\u00eatre des anciens combattants et de leurs familles d'Anciens Combattants Canada.<\/p>\n\n\n\n<figure class=\"wp-block-image size-large\"><a href=\"https:\/\/www.veterans.gc.ca\/eng\/about-vac\/research\/well-being-fund\"><img loading=\"lazy\" decoding=\"async\" width=\"1024\" height=\"171\" src=\"https:\/\/respectmap.ca\/wp-content\/uploads\/2024\/07\/VAC-wordmark_Funded-by-EN-black-1024x171.png\" alt=\"\" class=\"wp-image-7784\" srcset=\"https:\/\/www.respectmap.ca\/wp-content\/uploads\/2024\/07\/VAC-wordmark_Funded-by-EN-black-1024x171.png 1024w, https:\/\/www.respectmap.ca\/wp-content\/uploads\/2024\/07\/VAC-wordmark_Funded-by-EN-black-300x50.png 300w, https:\/\/www.respectmap.ca\/wp-content\/uploads\/2024\/07\/VAC-wordmark_Funded-by-EN-black-768x128.png 768w, https:\/\/www.respectmap.ca\/wp-content\/uploads\/2024\/07\/VAC-wordmark_Funded-by-EN-black-1536x256.png 1536w, https:\/\/www.respectmap.ca\/wp-content\/uploads\/2024\/07\/VAC-wordmark_Funded-by-EN-black-18x3.png 18w, https:\/\/www.respectmap.ca\/wp-content\/uploads\/2024\/07\/VAC-wordmark_Funded-by-EN-black.png 1801w\" sizes=\"auto, (max-width: 1024px) 100vw, 1024px\" \/><\/a><\/figure>\n\n\n\n<div class=\"wp-block-columns is-layout-flex wp-container-core-columns-is-layout-9d6595d7 wp-block-columns-is-layout-flex\">\n<div class=\"wp-block-column is-vertically-aligned-center is-layout-flow wp-block-column-is-layout-flow\"><div class=\"wp-block-image\">\n<figure class=\"aligncenter size-full is-resized\"><a href=\"https:\/\/211.ca\/\" target=\"_blank\" rel=\"noreferrer noopener\"><img loading=\"lazy\" decoding=\"async\" width=\"232\" height=\"217\" src=\"https:\/\/respectmap.bellwoodsweb.com\/wp-content\/uploads\/2023\/12\/Logo-211.png\" alt=\"\" class=\"wp-image-6791\" style=\"width:132px;height:auto\" srcset=\"https:\/\/www.respectmap.ca\/wp-content\/uploads\/2023\/12\/Logo-211.png 232w, https:\/\/www.respectmap.ca\/wp-content\/uploads\/2023\/12\/Logo-211-150x140.png 150w\" sizes=\"auto, (max-width: 232px) 100vw, 232px\" \/><\/a><\/figure>\n<\/div><\/div>\n\n\n\n<div class=\"wp-block-column is-vertically-aligned-center is-layout-flow wp-block-column-is-layout-flow\"><div class=\"wp-block-image\">\n<figure class=\"aligncenter size-large is-resized\"><a href=\"https:\/\/legion.ca\/\" target=\"_blank\" rel=\"noreferrer noopener\"><img loading=\"lazy\" decoding=\"async\" width=\"1024\" height=\"359\" src=\"https:\/\/respectmap.bellwoodsweb.com\/wp-content\/uploads\/2023\/12\/RCL_logo1_CMYK_EN_2022-1024x359.png\" alt=\"\" class=\"wp-image-6792\" style=\"width:293px;height:auto\" srcset=\"https:\/\/www.respectmap.ca\/wp-content\/uploads\/2023\/12\/RCL_logo1_CMYK_EN_2022-1024x359.png 1024w, https:\/\/www.respectmap.ca\/wp-content\/uploads\/2023\/12\/RCL_logo1_CMYK_EN_2022-150x53.png 150w, https:\/\/www.respectmap.ca\/wp-content\/uploads\/2023\/12\/RCL_logo1_CMYK_EN_2022-600x210.png 600w, https:\/\/www.respectmap.ca\/wp-content\/uploads\/2023\/12\/RCL_logo1_CMYK_EN_2022-300x105.png 300w, https:\/\/www.respectmap.ca\/wp-content\/uploads\/2023\/12\/RCL_logo1_CMYK_EN_2022-768x269.png 768w, https:\/\/www.respectmap.ca\/wp-content\/uploads\/2023\/12\/RCL_logo1_CMYK_EN_2022-1536x538.png 1536w, https:\/\/www.respectmap.ca\/wp-content\/uploads\/2023\/12\/RCL_logo1_CMYK_EN_2022-2048x717.png 2048w\" sizes=\"auto, (max-width: 1024px) 100vw, 1024px\" \/><\/a><\/figure>\n<\/div><\/div>\n<\/div>","protected":false},"excerpt":{"rendered":"<p>Les personnes en situation de crise ou ayant besoin d'aide ont souvent besoin des services de plusieurs organisations. La carte RESPECT aide les organismes \u00e0 se trouver les uns les autres afin d'offrir les meilleurs services combin\u00e9s aux personnes qui en ont le plus besoin. Ce projet est financ\u00e9 par le Fonds pour le bien-\u00eatre des anciens combattants et de leurs familles d'Anciens Combattants Canada.<\/p>","protected":false},"author":1,"featured_media":0,"parent":0,"menu_order":0,"comment_status":"closed","ping_status":"closed","template":"","meta":{"_citadela_hide_page_title":"1","_citadela_remove_header_space":"1","_citadela_custom_class":"","_citadela_half_map_provider":"","_citadela_half_map_theme":"","_citadela_half_map_themeOSM":"","_citadela_half_map_customTheme":"","_citadela_half_map_dataType":"","_citadela_half_map_dynamicTrack":false,"_citadela_half_map_trackColor":"","_citadela_half_map_trackEndpointsColor":"","_citadela_half_map_filterCategory":"","_citadela_half_map_filterLocation":"","_citadela_half_map_filterFeatured":false,"_citadela_half_map_noDataBehavior":"empty-map","_citadela_half_map_noDataText":"","_citadela_half_map_clusterGridSize":80,"_citadela_header":false,"_citadela_header_over_content":false,"_citadela_header_text_color":"","_citadela_header_logo":[],"_citadela_header_bg_image":[],"_citadela_header_bg_position":{"x":0.5,"y":0.5},"_citadela_header_bg_size":"cover","_citadela_header_bg_repeat":"no-repeat","_citadela_header_bg_fixed":false,"_citadela_header_bg_color":"","_citadela_header_bg_image_overlay":"","_citadela_header_transparent_bg":false,"_citadela_content_width":"default","_citadela_half_layout_position":"","footnotes":""},"class_list":["post-86","page","type-page","status-publish","hentry"],"_links":{"self":[{"href":"https:\/\/www.respectmap.ca\/fr\/wp-json\/wp\/v2\/pages\/86","targetHints":{"allow":["GET"]}}],"collection":[{"href":"https:\/\/www.respectmap.ca\/fr\/wp-json\/wp\/v2\/pages"}],"about":[{"href":"https:\/\/www.respectmap.ca\/fr\/wp-json\/wp\/v2\/types\/page"}],"author":[{"embeddable":true,"href":"https:\/\/www.respectmap.ca\/fr\/wp-json\/wp\/v2\/users\/1"}],"replies":[{"embeddable":true,"href":"https:\/\/www.respectmap.ca\/fr\/wp-json\/wp\/v2\/comments?post=86"}],"version-history":[{"count":19,"href":"https:\/\/www.respectmap.ca\/fr\/wp-json\/wp\/v2\/pages\/86\/revisions"}],"predecessor-version":[{"id":7787,"href":"https:\/\/www.respectmap.ca\/fr\/wp-json\/wp\/v2\/pages\/86\/revisions\/7787"}],"wp:attachment":[{"href":"https:\/\/www.respectmap.ca\/fr\/wp-json\/wp\/v2\/media?parent=86"}],"curies":[{"name":"wp","href":"https:\/\/api.w.org\/{rel}","templated":true}]}}